{"id":2,"date":"2019-01-30T14:39:48","date_gmt":"2019-01-30T14:39:48","guid":{"rendered":"https:\/\/new.davanti.ch\/?page_id=2"},"modified":"2026-03-05T13:43:14","modified_gmt":"2026-03-05T13:43:14","slug":"sample-page","status":"publish","type":"page","link":"https:\/\/www.davanti.ch\/","title":{"rendered":"Davanti Dienstleistungsservice"},"content":{"rendered":"\n<p style=\"font-size:23px\">Arbeitet f\u00fcr: Privatpersonen  Architekten  und Immobilienverwaltungen<\/p>\n\n\n\n<p class=\"has-very-dark-gray-color has-text-color\" style=\"font-size:17px\">Hauswartungen, Gartenunterhalt, Reinigungen, Holz- resp. Parkettb\u00f6den oder andere Handwerkliche Arbeiten f\u00fchren wir gerne f\u00fcr Sie aus.<br><br>Unser Team mit unterschiedlicher Berufserfahrung erm\u00f6glichen ein breites Einsatzspektrum.<br><br>Fragen Sie nach, wir unterbreiten ihnen gerne ein Angebot, welches voll und ganz auf Ihre Bed\u00fcrfnisse abgestimmt ist.<\/p>\n\n\n\n<figure class=\"wp-block-table aligncenter is-style-stripes\"><table class=\"has-fixed-layout\"><tbody><tr><td><img loading=\"lazy\" decoding=\"async\" width=\"150\" height=\"267\" class=\"wp-image-201\" style=\"width: 150px;\" src=\"https:\/\/www.davanti.ch\/wp-content\/uploads\/2019\/05\/Natel-Dani-171.jpg\" alt=\"\" srcset=\"https:\/\/www.davanti.ch\/wp-content\/uploads\/2019\/05\/Natel-Dani-171.jpg 1836w, https:\/\/www.davanti.ch\/wp-content\/uploads\/2019\/05\/Natel-Dani-171-169x300.jpg 169w, https:\/\/www.davanti.ch\/wp-content\/uploads\/2019\/05\/Natel-Dani-171-768x1365.jpg 768w, https:\/\/www.davanti.ch\/wp-content\/uploads\/2019\/05\/Natel-Dani-171-576x1024.jpg 576w\" sizes=\"auto, (max-width: 150px) 100vw, 150px\" \/><br>Hauswartung<\/td><td><img decoding=\"async\" style=\"width: 150px;\" src=\"https:\/\/www.davanti.ch\/wp-content\/uploads\/2020\/05\/20190816_202437.jpg\" alt=\"\"><br>Garten<\/td><td class=\"has-text-align-left\" data-align=\"left\"><img decoding=\"async\" class=\"wp-image-168\" style=\"width: 150px;\" src=\"https:\/\/www.davanti.ch\/wp-content\/uploads\/2019\/05\/Chrigeli-607-e1643918406483.jpg\" alt=\"\"><br>Reinigung<img decoding=\"async\" style=\"width: 150px;\" src=\"https:\/\/www.davanti.ch\/wp-admin\/admin-ajax.php?action=imgedit-preview&amp;_ajax_nonce=8762c80341&amp;postid=173&amp;history=%5B%7B%22c%22%3A%7B%22x%22%3A79%2C%22y%22%3A36%2C%22w%22%3A178%2C%22h%22%3A316%7D%7D%5D&amp;rand=659010\" alt=\"\"><\/td><td class=\"has-text-align-left\" data-align=\"left\"><img decoding=\"async\" style=\"width: 150px;\" src=\"https:\/\/www.davanti.ch\/wp-content\/uploads\/2021\/07\/dusche1_ch_d-576x1024.jpg\" alt=\"\"><br>Handwerk<\/td><\/tr><\/tbody><\/table><\/figure>\n\n\n\n<p><\/p>\n","protected":false},"excerpt":{"rendered":"<p>Arbeitet f\u00fcr: Privatpersonen Architekten und Immobilienverwaltungen Hauswartungen, Gartenunterhalt, Reinigungen, Holz- resp. Parkettb\u00f6den oder andere Handwerkliche Arbeiten f\u00fchren wir gerne f\u00fcr Sie aus. Unser Team mit unterschiedlicher Berufserfahrung erm\u00f6glichen ein breites Einsatzspektrum. Fragen Sie nach, wir unterbreiten ihnen gerne ein Angebot, welches voll und ganz auf Ihre Bed\u00fcrfnisse abgestimmt ist. Hauswartung Garten Reinigung Handwerk<\/p>\n","protected":false},"author":1,"featured_media":230,"parent":0,"menu_order":0,"comment_status":"closed","ping_status":"closed","template":"","meta":{"footnotes":""},"class_list":["post-2","page","type-page","status-publish","has-post-thumbnail","hentry"],"_links":{"self":[{"href":"https:\/\/www.davanti.ch\/index.php?rest_route=\/wp\/v2\/pages\/2","targetHints":{"allow":["GET"]}}],"collection":[{"href":"https:\/\/www.davanti.ch\/index.php?rest_route=\/wp\/v2\/pages"}],"about":[{"href":"https:\/\/www.davanti.ch\/index.php?rest_route=\/wp\/v2\/types\/page"}],"author":[{"embeddable":true,"href":"https:\/\/www.davanti.ch\/index.php?rest_route=\/wp\/v2\/users\/1"}],"replies":[{"embeddable":true,"href":"https:\/\/www.davanti.ch\/index.php?rest_route=%2Fwp%2Fv2%2Fcomments&post=2"}],"version-history":[{"count":62,"href":"https:\/\/www.davanti.ch\/index.php?rest_route=\/wp\/v2\/pages\/2\/revisions"}],"predecessor-version":[{"id":912,"href":"https:\/\/www.davanti.ch\/index.php?rest_route=\/wp\/v2\/pages\/2\/revisions\/912"}],"wp:featuredmedia":[{"embeddable":true,"href":"https:\/\/www.davanti.ch\/index.php?rest_route=\/wp\/v2\/media\/230"}],"wp:attachment":[{"href":"https:\/\/www.davanti.ch\/index.php?rest_route=%2Fwp%2Fv2%2Fmedia&parent=2"}],"curies":[{"name":"wp","href":"https:\/\/api.w.org\/{rel}","templated":true}]}}